{"id":2600,"date":"2024-10-28T12:06:45","date_gmt":"2024-10-28T10:06:45","guid":{"rendered":"https:\/\/denta.fi\/?post_type=product&#038;p=2600"},"modified":"2025-12-30T18:56:10","modified_gmt":"2025-12-30T16:56:10","slug":"blancone-touch-valkaisu-60min-lahjakortti","status":"publish","type":"product","link":"https:\/\/denta.fi\/sv\/tuote\/blancone-touch-valkaisu-60min-lahjakortti\/","title":{"rendered":"BlancOne\u00ae Touch whitening 60 min Presentkort"},"content":{"rendered":"","protected":false},"excerpt":{"rendered":"<p>Letar du efter en praktisk och v\u00e4rdefull present?<\/p>\n<p>Ge g\u00e5van av ett vackert leende och omsorg!<\/p>\n<p>Presentkortet kan anv\u00e4ndas f\u00f6r BlancOne\u00ae Touch 60 min whitening. Du kan skicka presentkortet direkt som g\u00e5va via e-post och schemal\u00e4gga att det ska levereras den valda dagen.<\/p>\n<p>Presentkortet \u00e4r giltigt i ett \u00e5r fr\u00e5n ink\u00f6psdatum.<br \/>\nObservera att tartar m\u00e5ste tas bort innan blekning f\u00f6r att uppn\u00e5 b\u00e4sta resultat.<\/p>\n<p><strong>Vill du k\u00f6pa ett presentkort med Edenred, Epass eller Smartum h\u00e4lsof\u00f6rm\u00e5ner? Ring oss. <a title=\"\" href=\"tel: 020112300\">020 112 3000<\/a> .<\/strong><\/p>","protected":false},"featured_media":3857,"template":"","meta":{"_kad_blocks_custom_css":"","_kad_blocks_head_custom_js":"","_kad_blocks_body_custom_js":"","_kad_blocks_footer_custom_js":"","_kad_post_transparent":"default","_kad_post_title":"","_kad_post_layout":"default","_kad_post_sidebar_id":"","_kad_post_content_style":"default","_kad_post_vertical_padding":"default","_kad_post_feature":"","_kad_post_feature_position":"","_kad_post_header":false,"_kad_post_footer":false,"_kad_post_classname":""},"product_brand":[],"product_cat":[38],"product_tag":[],"class_list":{"0":"post-2600","1":"product","2":"type-product","3":"status-publish","4":"has-post-thumbnail","6":"product_cat-lahjakortit","8":"first","9":"instock","10":"taxable","11":"shipping-taxable","12":"purchasable","13":"product-type-pw-gift-card","14":"has-default-attributes","15":"entry","16":"content-bg","17":"loop-entry"},"taxonomy_info":{"product_cat":[{"value":38,"label":"Lahjakortit"}]},"featured_image_src_large":["https:\/\/denta.fi\/wp-content\/uploads\/2024\/10\/LAHJAKORTTI-valkaisu60min-1.jpg",1000,1000,false],"author_info":[],"comment_info":"","_links":{"self":[{"href":"https:\/\/denta.fi\/sv\/wp-json\/wp\/v2\/product\/2600","targetHints":{"allow":["GET"]}}],"collection":[{"href":"https:\/\/denta.fi\/sv\/wp-json\/wp\/v2\/product"}],"about":[{"href":"https:\/\/denta.fi\/sv\/wp-json\/wp\/v2\/types\/product"}],"wp:featuredmedia":[{"embeddable":true,"href":"https:\/\/denta.fi\/sv\/wp-json\/wp\/v2\/media\/3857"}],"wp:attachment":[{"href":"https:\/\/denta.fi\/sv\/wp-json\/wp\/v2\/media?parent=2600"}],"wp:term":[{"taxonomy":"product_brand","embeddable":true,"href":"https:\/\/denta.fi\/sv\/wp-json\/wp\/v2\/product_brand?post=2600"},{"taxonomy":"product_cat","embeddable":true,"href":"https:\/\/denta.fi\/sv\/wp-json\/wp\/v2\/product_cat?post=2600"},{"taxonomy":"product_tag","embeddable":true,"href":"https:\/\/denta.fi\/sv\/wp-json\/wp\/v2\/product_tag?post=2600"}],"curies":[{"name":"wp","href":"https:\/\/api.w.org\/{rel}","templated":true}]}}