{"id":3,"date":"2023-10-02T21:49:56","date_gmt":"2023-10-02T18:49:56","guid":{"rendered":"https:\/\/denta.fi\/?page_id=3"},"modified":"2025-05-16T17:33:59","modified_gmt":"2025-05-16T14:33:59","slug":"tietosuojaseloste","status":"publish","type":"page","link":"https:\/\/denta.fi\/sv\/tietosuojaseloste\/","title":{"rendered":"Sekretesspolicy"},"content":{"rendered":"<style>.kb-row-layout-id3_cd8b43-e5 > .kt-row-column-wrap{align-content:start;}:where(.kb-row-layout-id3_cd8b43-e5 > .kt-row-column-wrap) > .wp-block-kadence-column{justify-content:start;}.kb-row-layout-id3_cd8b43-e5 > .kt-row-column-wrap{column-gap:var(--global-kb-gap-md, 2rem);row-gap:var(--global-kb-gap-md, 2rem);padding-top:5%;padding-right:5%;padding-bottom:10%;padding-left:5%;grid-template-columns:minmax(0, 1fr);}.kb-row-layout-id3_cd8b43-e5 > .kt-row-layout-overlay{opacity:0.30;}@media all and (max-width: 1024px){.kb-row-layout-id3_cd8b43-e5 > .kt-row-column-wrap{grid-template-columns:minmax(0, 1fr);}}@media all and (max-width: 767px){.kb-row-layout-id3_cd8b43-e5 > .kt-row-column-wrap{grid-template-columns:minmax(0, 1fr);}}<\/style><div class=\"kb-row-layout-wrap kb-row-layout-id3_cd8b43-e5 alignnone wp-block-kadence-rowlayout\"><div class=\"kt-row-column-wrap kt-has-1-columns kt-row-layout-equal kt-tab-layout-inherit kt-mobile-layout-row kt-row-valign-top\">\n<style>.kadence-column3_f72e91-a9 > .kt-inside-inner-col,.kadence-column3_f72e91-a9 > .kt-inside-inner-col:before{border-top-left-radius:0px;border-top-right-radius:0px;border-bottom-right-radius:0px;border-bottom-left-radius:0px;}.kadence-column3_f72e91-a9 > .kt-inside-inner-col{column-gap:var(--global-kb-gap-sm, 1rem);}.kadence-column3_f72e91-a9 > .kt-inside-inner-col{flex-direction:column;}.kadence-column3_f72e91-a9 > .kt-inside-inner-col > .aligncenter{width:100%;}.kadence-column3_f72e91-a9 > .kt-inside-inner-col:before{opacity:0.3;}.kadence-column3_f72e91-a9{position:relative;}@media all and (max-width: 1024px){.kadence-column3_f72e91-a9 > .kt-inside-inner-col{flex-direction:column;justify-content:center;}}@media all and (max-width: 767px){.kadence-column3_f72e91-a9 > .kt-inside-inner-col{flex-direction:column;justify-content:center;}}<\/style>\n<div class=\"wp-block-kadence-column kadence-column3_f72e91-a9\"><div class=\"kt-inside-inner-col\"><style>.wp-block-kadence-advancedheading.kt-adv-heading3_eb614b-2d, .wp-block-kadence-advancedheading.kt-adv-heading3_eb614b-2d[data-kb-block=\"kb-adv-heading3_eb614b-2d\"]{font-style:normal;}.wp-block-kadence-advancedheading.kt-adv-heading3_eb614b-2d mark.kt-highlight, .wp-block-kadence-advancedheading.kt-adv-heading3_eb614b-2d[data-kb-block=\"kb-adv-heading3_eb614b-2d\"] mark.kt-highlight{font-style:normal;color:#f76a0c;-webkit-box-decoration-break:clone;box-decoration-break:clone;padding-top:0px;padding-right:0px;padding-bottom:0px;padding-left:0px;}.wp-block-kadence-advancedheading.kt-adv-heading3_eb614b-2d img.kb-inline-image, .wp-block-kadence-advancedheading.kt-adv-heading3_eb614b-2d[data-kb-block=\"kb-adv-heading3_eb614b-2d\"] img.kb-inline-image{width:150px;vertical-align:baseline;}@media all and (max-width: 767px){.wp-block-kadence-advancedheading.kt-adv-heading3_eb614b-2d, .wp-block-kadence-advancedheading.kt-adv-heading3_eb614b-2d[data-kb-block=\"kb-adv-heading3_eb614b-2d\"]{font-size:var(--global-kb-font-size-md, 1.25rem);}}<\/style>\n<h1 class=\"kt-adv-heading3_eb614b-2d wp-block-kadence-advancedheading\" data-kb-block=\"kb-adv-heading3_eb614b-2d\"><strong>TIETOSUOJASELOSTE<\/strong><br><\/h1>\n\n\n\n<p>Dent\u00c5 pit\u00e4\u00e4 kaikkien sen palveluita k\u00e4ytt\u00e4vien potilaiden yksityisyytt\u00e4 eritt\u00e4in t\u00e4rke\u00e4n\u00e4. Dent\u00c5 sitoutuu suojaamaan potilaan yksityisyytt\u00e4 Dent\u00c5n palveluiden k\u00e4ytt\u00e4j\u00e4n\u00e4 ja noudattamaan potilastietojen k\u00e4sittely\u00e4 ja tietosuojaa koskevaa lains\u00e4\u00e4d\u00e4nt\u00f6\u00e4. Dent\u00c5 k\u00e4sittelee ker\u00e4\u00e4mi\u00e4\u00e4n potilasta koskevia potilastietoja.<\/p>\n\n\n<style>.wp-block-kadence-advancedheading.kt-adv-heading3_d9d439-1a, .wp-block-kadence-advancedheading.kt-adv-heading3_d9d439-1a[data-kb-block=\"kb-adv-heading3_d9d439-1a\"]{font-style:normal;}.wp-block-kadence-advancedheading.kt-adv-heading3_d9d439-1a mark.kt-highlight, .wp-block-kadence-advancedheading.kt-adv-heading3_d9d439-1a[data-kb-block=\"kb-adv-heading3_d9d439-1a\"] mark.kt-highlight{font-style:normal;color:#f76a0c;-webkit-box-decoration-break:clone;box-decoration-break:clone;padding-top:0px;padding-right:0px;padding-bottom:0px;padding-left:0px;}.wp-block-kadence-advancedheading.kt-adv-heading3_d9d439-1a img.kb-inline-image, .wp-block-kadence-advancedheading.kt-adv-heading3_d9d439-1a[data-kb-block=\"kb-adv-heading3_d9d439-1a\"] img.kb-inline-image{width:150px;vertical-align:baseline;}<\/style>\n<h3 class=\"kt-adv-heading3_d9d439-1a wp-block-kadence-advancedheading\" data-kb-block=\"kb-adv-heading3_d9d439-1a\">Rekisterinpit\u00e4j\u00e4<\/h3>\n\n\n\n<p>Dent \u00c5 Oy (j\u00e4ljemp\u00e4n\u00e4 \u201dDent\u00c5\u201d tai \u201dYhti\u00f6\u201d)<br>y-tunnus: 3380590-5<br>Kauppiaskatu 4, 2.krs<br>20100 Turku<\/p>\n\n\n<style>.wp-block-kadence-advancedheading.kt-adv-heading3_1dbe76-c1, .wp-block-kadence-advancedheading.kt-adv-heading3_1dbe76-c1[data-kb-block=\"kb-adv-heading3_1dbe76-c1\"]{font-style:normal;}.wp-block-kadence-advancedheading.kt-adv-heading3_1dbe76-c1 mark.kt-highlight, .wp-block-kadence-advancedheading.kt-adv-heading3_1dbe76-c1[data-kb-block=\"kb-adv-heading3_1dbe76-c1\"] mark.kt-highlight{font-style:normal;color:#f76a0c;-webkit-box-decoration-break:clone;box-decoration-break:clone;padding-top:0px;padding-right:0px;padding-bottom:0px;padding-left:0px;}.wp-block-kadence-advancedheading.kt-adv-heading3_1dbe76-c1 img.kb-inline-image, .wp-block-kadence-advancedheading.kt-adv-heading3_1dbe76-c1[data-kb-block=\"kb-adv-heading3_1dbe76-c1\"] img.kb-inline-image{width:150px;vertical-align:baseline;}<\/style>\n<h3 class=\"kt-adv-heading3_1dbe76-c1 wp-block-kadence-advancedheading\" data-kb-block=\"kb-adv-heading3_1dbe76-c1\">Rekisteriasioista vastaava henkil\u00f6 ja\/tai yhteyshenkil\u00f6<\/h3>\n\n\n\n<p>Tietosuojavastaava<br>joona.kangasniemi@denta.fi<\/p>\n\n\n<style>.wp-block-kadence-advancedheading.kt-adv-heading3_2ab7da-64, .wp-block-kadence-advancedheading.kt-adv-heading3_2ab7da-64[data-kb-block=\"kb-adv-heading3_2ab7da-64\"]{font-style:normal;}.wp-block-kadence-advancedheading.kt-adv-heading3_2ab7da-64 mark.kt-highlight, .wp-block-kadence-advancedheading.kt-adv-heading3_2ab7da-64[data-kb-block=\"kb-adv-heading3_2ab7da-64\"] mark.kt-highlight{font-style:normal;color:#f76a0c;-webkit-box-decoration-break:clone;box-decoration-break:clone;padding-top:0px;padding-right:0px;padding-bottom:0px;padding-left:0px;}.wp-block-kadence-advancedheading.kt-adv-heading3_2ab7da-64 img.kb-inline-image, .wp-block-kadence-advancedheading.kt-adv-heading3_2ab7da-64[data-kb-block=\"kb-adv-heading3_2ab7da-64\"] img.kb-inline-image{width:150px;vertical-align:baseline;}<\/style>\n<h3 class=\"kt-adv-heading3_2ab7da-64 wp-block-kadence-advancedheading\" data-kb-block=\"kb-adv-heading3_2ab7da-64\">Henkil\u00f6tietojen siirto EU:n tai Euroopan talousalueen ulkopuolelle<\/h3>\n\n\n\n<p>Henkil\u00f6tietoja voidaan siirt\u00e4\u00e4 Euroopan unionin tai Euroopan talousalueen ulkopuolelle lains\u00e4\u00e4d\u00e4nn\u00f6n sallimissa rajoissa. T\u00e4ll\u00f6in siirto tapahtuu k\u00e4ytt\u00e4en EU-komission tietosuojaa koskevia vakiolausekkeita tai muuta tietosuojalains\u00e4\u00e4d\u00e4nn\u00f6n sallimaa siirtomekanismia.&nbsp;<\/p>\n\n\n<style>.wp-block-kadence-advancedheading.kt-adv-heading3_5bd4f0-b3, .wp-block-kadence-advancedheading.kt-adv-heading3_5bd4f0-b3[data-kb-block=\"kb-adv-heading3_5bd4f0-b3\"]{font-style:normal;}.wp-block-kadence-advancedheading.kt-adv-heading3_5bd4f0-b3 mark.kt-highlight, .wp-block-kadence-advancedheading.kt-adv-heading3_5bd4f0-b3[data-kb-block=\"kb-adv-heading3_5bd4f0-b3\"] mark.kt-highlight{font-style:normal;color:#f76a0c;-webkit-box-decoration-break:clone;box-decoration-break:clone;padding-top:0px;padding-right:0px;padding-bottom:0px;padding-left:0px;}.wp-block-kadence-advancedheading.kt-adv-heading3_5bd4f0-b3 img.kb-inline-image, .wp-block-kadence-advancedheading.kt-adv-heading3_5bd4f0-b3[data-kb-block=\"kb-adv-heading3_5bd4f0-b3\"] img.kb-inline-image{width:150px;vertical-align:baseline;}<\/style>\n<h3 class=\"kt-adv-heading3_5bd4f0-b3 wp-block-kadence-advancedheading\" data-kb-block=\"kb-adv-heading3_5bd4f0-b3\">Henkil\u00f6tietojen s\u00e4ilytysaika<\/h3>\n\n\n\n<p>Dent\u00c5 s\u00e4ilytt\u00e4\u00e4 henkil\u00f6tietoja vain niin kauan kuin se on tarpeen henkil\u00f6tietojen k\u00e4ytt\u00f6tarkoitusten kannalta tai lakiin perustuvien s\u00e4ilytysaikojen vuoksi.<\/p>\n\n\n<style>.wp-block-kadence-advancedheading.kt-adv-heading3_dd85b6-51, .wp-block-kadence-advancedheading.kt-adv-heading3_dd85b6-51[data-kb-block=\"kb-adv-heading3_dd85b6-51\"]{font-style:normal;}.wp-block-kadence-advancedheading.kt-adv-heading3_dd85b6-51 mark.kt-highlight, .wp-block-kadence-advancedheading.kt-adv-heading3_dd85b6-51[data-kb-block=\"kb-adv-heading3_dd85b6-51\"] mark.kt-highlight{font-style:normal;color:#f76a0c;-webkit-box-decoration-break:clone;box-decoration-break:clone;padding-top:0px;padding-right:0px;padding-bottom:0px;padding-left:0px;}.wp-block-kadence-advancedheading.kt-adv-heading3_dd85b6-51 img.kb-inline-image, .wp-block-kadence-advancedheading.kt-adv-heading3_dd85b6-51[data-kb-block=\"kb-adv-heading3_dd85b6-51\"] img.kb-inline-image{width:150px;vertical-align:baseline;}<\/style>\n<h3 class=\"kt-adv-heading3_dd85b6-51 wp-block-kadence-advancedheading\" data-kb-block=\"kb-adv-heading3_dd85b6-51\">Henkil\u00f6tietojen suojaus<\/h3>\n\n\n\n<p>Dent\u00c5 k\u00e4ytt\u00e4\u00e4 asianmukaisia fyysisi\u00e4, teknisi\u00e4 ja hallinnollisia suojakeinoja tietojen suojaamiseksi v\u00e4\u00e4rink\u00e4yt\u00f6ksilt\u00e4. T\u00e4llaisia keinoja ovat muun muassa tietoverkkoliikenteen kontrollointi ja suodattaminen, salaustekniikoiden ja turvallisten laitetilojen k\u00e4ytt\u00f6, asianmukainen kulunvalvonta, hallittu k\u00e4ytt\u00f6oikeuksien my\u00f6nt\u00e4minen ja niiden k\u00e4yt\u00f6n valvonta, henkil\u00f6tietojen k\u00e4sittelyyn osallistuvan henkil\u00f6st\u00f6n ohjeistaminen sek\u00e4 palvelujemme suunnittelussa, toteuttamisessa ja yll\u00e4pidossa tapahtuva riskienhallinta. Dent\u00c5 valitsee k\u00e4ytt\u00e4m\u00e4ns\u00e4 alihankkijat huolellisesti ja huolehtii sopimus- ja muilla j\u00e4rjestelyill\u00e4 siit\u00e4, ett\u00e4 tietoja k\u00e4sitell\u00e4\u00e4n my\u00f6s niiden toimesta lains\u00e4\u00e4d\u00e4nn\u00f6n ja hyv\u00e4n tietosuojak\u00e4yt\u00e4nn\u00f6n mukaan.<\/p>\n\n\n<style>.wp-block-kadence-advancedheading.kt-adv-heading3_c6b8f4-9a, .wp-block-kadence-advancedheading.kt-adv-heading3_c6b8f4-9a[data-kb-block=\"kb-adv-heading3_c6b8f4-9a\"]{font-style:normal;}.wp-block-kadence-advancedheading.kt-adv-heading3_c6b8f4-9a mark.kt-highlight, .wp-block-kadence-advancedheading.kt-adv-heading3_c6b8f4-9a[data-kb-block=\"kb-adv-heading3_c6b8f4-9a\"] mark.kt-highlight{font-style:normal;color:#f76a0c;-webkit-box-decoration-break:clone;box-decoration-break:clone;padding-top:0px;padding-right:0px;padding-bottom:0px;padding-left:0px;}.wp-block-kadence-advancedheading.kt-adv-heading3_c6b8f4-9a img.kb-inline-image, .wp-block-kadence-advancedheading.kt-adv-heading3_c6b8f4-9a[data-kb-block=\"kb-adv-heading3_c6b8f4-9a\"] img.kb-inline-image{width:150px;vertical-align:baseline;}<\/style>\n<h3 class=\"kt-adv-heading3_c6b8f4-9a wp-block-kadence-advancedheading\" data-kb-block=\"kb-adv-heading3_c6b8f4-9a\">Rekister\u00f6ityjen oikeudet<\/h3>\n\n\n\n<p><strong>Oikeus saada p\u00e4\u00e4sy henkil\u00f6tietoihin<\/strong><\/p>\n\n\n\n<p>Rekister\u00f6idyll\u00e4 on oikeus saada tietoa henkil\u00f6tietojen k\u00e4sittelyst\u00e4 ja tutustua itse\u00e4\u00e4n koskeviin tietoihin.<\/p>\n\n\n\n<p><strong>Oikeus tietojen oikaisemiseen<\/strong><\/p>\n\n\n\n<p>Rekister\u00f6idyll\u00e4 on oikeus pyyt\u00e4\u00e4 virheellisten ja puutteellisten tietojen oikaisua.<\/p>\n\n\n\n<p><strong>Oikeus tietojen poistamiseen<\/strong><\/p>\n\n\n\n<p>Rekister\u00f6idyll\u00e4 on oikeus pyyt\u00e4\u00e4 henkil\u00f6tietojen poistoa. Poistopyynt\u00f6j\u00e4 toteutetaan lains\u00e4\u00e4d\u00e4nn\u00f6n mahdollistamissa rajoissa.&nbsp;<\/p>\n\n\n\n<p><strong>Oikeus k\u00e4sittelyn vastustamiseen tai rajoittamiseen<\/strong><\/p>\n\n\n\n<p>Rekister\u00f6idyll\u00e4 on tietyiss\u00e4 tilanteissa oikeus henkil\u00f6kohtaiseen erityiseen tilanteeseensa liittyv\u00e4ll\u00e4 perusteella milloin tahansa vastustaa h\u00e4nt\u00e4 koskevien henkil\u00f6tietojen k\u00e4sittely\u00e4.<\/p>\n\n\n\n<p>Rekister\u00f6idyll\u00e4 on oikeus pyyt\u00e4\u00e4 henkil\u00f6tietojen k\u00e4sittelyn rajoittamista, mik\u00e4li rekister\u00f6ity kiist\u00e4\u00e4 henkil\u00f6tietojensa paikkansapit\u00e4vyyden. T\u00e4ll\u00f6in henkil\u00f6tietojen k\u00e4sittely\u00e4 rajoitetaan selvityksen ajaksi.<\/p>\n\n\n\n<p><strong>Oikeus siirt\u00e4\u00e4 tiedot j\u00e4rjestelm\u00e4st\u00e4 toiseen<\/strong><\/p>\n\n\n\n<p>Rekister\u00f6idyll\u00e4 on oikeus pyyt\u00e4\u00e4 tietojen siirtoa j\u00e4rjestelm\u00e4st\u00e4 toiseen, jos tiedot ovat rekister\u00f6idyn itse toimittamia ja henkil\u00f6tietojen k\u00e4sittely perustuu suostumukseen tai sopimukseen.&nbsp;<\/p>\n\n\n\n<p><strong>Oikeus olla joutumatta automaattisen p\u00e4\u00e4t\u00f6ksenteon kohteeksi<\/strong><\/p>\n\n\n\n<p>Rekister\u00f6idyll\u00e4 on oikeus olla joutumatta sellaisen p\u00e4\u00e4t\u00f6ksen kohteeksi, joka perustuu pelk\u00e4st\u00e4\u00e4n henkil\u00f6tietojen automaattiseen k\u00e4sittelyyn, kuten profilointiin, ja jolla on h\u00e4nt\u00e4 koskevia oikeusvaikutuksia tai joka vaikuttaa h\u00e4neen vastaavalla tavalla merkitt\u00e4v\u00e4sti. Kieltoon on kuitenkin poikkeuksia.<\/p>\n\n\n\n<p><strong>Oikeus tehd\u00e4 valitus valvontaviranomaiselle<\/strong><\/p>\n\n\n\n<p>Rekister\u00f6idyll\u00e4 on oikeus tehd\u00e4 kantelu valvovalle viranomaiselle (Suomessa tietosuojavaltuutettu), mik\u00e4li rekister\u00f6ity katsoo, ett\u00e4 henkil\u00f6tietojen k\u00e4sittelyss\u00e4 on rikottu tietosuojalains\u00e4\u00e4d\u00e4nt\u00f6\u00e4.<\/p>\n<\/div><\/div>\n\n<\/div><\/div>","protected":false},"excerpt":{"rendered":"<p>TIETOSUOJASELOSTE Dent\u00c5 pit\u00e4\u00e4 kaikkien sen palveluita k\u00e4ytt\u00e4vien potilaiden yksityisyytt\u00e4 eritt\u00e4in t\u00e4rke\u00e4n\u00e4. Dent\u00c5 sitoutuu suojaamaan potilaan yksityisyytt\u00e4 Dent\u00c5n palveluiden k\u00e4ytt\u00e4j\u00e4n\u00e4 ja noudattamaan potilastietojen k\u00e4sittely\u00e4 ja tietosuojaa koskevaa lains\u00e4\u00e4d\u00e4nt\u00f6\u00e4. Dent\u00c5 k\u00e4sittelee ker\u00e4\u00e4mi\u00e4\u00e4n potilasta koskevia potilastietoja. Rekisterinpit\u00e4j\u00e4 Dent \u00c5 Oy (j\u00e4ljemp\u00e4n\u00e4 \u201dDent\u00c5\u201d tai \u201dYhti\u00f6\u201d)y-tunnus: 3380590-5Kauppiaskatu 4, 2.krs20100 Turku Rekisteriasioista vastaava henkil\u00f6 ja\/tai yhteyshenkil\u00f6 Tietosuojavastaavajoona.kangasniemi@denta.fi Henkil\u00f6tietojen siirto EU:n tai&#8230;<\/p>","protected":false},"author":1,"featured_media":0,"parent":0,"menu_order":0,"comment_status":"closed","ping_status":"open","template":"","meta":{"_kad_blocks_custom_css":"","_kad_blocks_head_custom_js":"","_kad_blocks_body_custom_js":"","_kad_blocks_footer_custom_js":"","_kad_post_transparent":"","_kad_post_title":"","_kad_post_layout":"","_kad_post_sidebar_id":"","_kad_post_content_style":"","_kad_post_vertical_padding":"","_kad_post_feature":"","_kad_post_feature_position":"","_kad_post_header":false,"_kad_post_footer":false,"_kad_post_classname":"","footnotes":""},"class_list":["post-3","page","type-page","status-publish","hentry"],"taxonomy_info":[],"featured_image_src_large":false,"author_info":{"display_name":"iirolamppu@gmail.com","author_link":"https:\/\/denta.fi\/sv\/author\/iirolamppugmail-com\/"},"comment_info":0,"_links":{"self":[{"href":"https:\/\/denta.fi\/sv\/wp-json\/wp\/v2\/pages\/3","targetHints":{"allow":["GET"]}}],"collection":[{"href":"https:\/\/denta.fi\/sv\/wp-json\/wp\/v2\/pages"}],"about":[{"href":"https:\/\/denta.fi\/sv\/wp-json\/wp\/v2\/types\/page"}],"author":[{"embeddable":true,"href":"https:\/\/denta.fi\/sv\/wp-json\/wp\/v2\/users\/1"}],"replies":[{"embeddable":true,"href":"https:\/\/denta.fi\/sv\/wp-json\/wp\/v2\/comments?post=3"}],"version-history":[{"count":8,"href":"https:\/\/denta.fi\/sv\/wp-json\/wp\/v2\/pages\/3\/revisions"}],"predecessor-version":[{"id":3339,"href":"https:\/\/denta.fi\/sv\/wp-json\/wp\/v2\/pages\/3\/revisions\/3339"}],"wp:attachment":[{"href":"https:\/\/denta.fi\/sv\/wp-json\/wp\/v2\/media?parent=3"}],"curies":[{"name":"wp","href":"https:\/\/api.w.org\/{rel}","templated":true}]}}