{"id":1521,"date":"2023-11-23T15:59:51","date_gmt":"2023-11-23T13:59:51","guid":{"rendered":"https:\/\/denta.fi\/?page_id=1521"},"modified":"2025-11-28T09:41:06","modified_gmt":"2025-11-28T07:41:06","slug":"evasteiden-kaytto","status":"publish","type":"page","link":"https:\/\/denta.fi\/sv\/evasteiden-kaytto\/","title":{"rendered":"Anv\u00e4ndning av kakor"},"content":{"rendered":"<style>.kb-row-layout-id1521_430ed3-e7 > .kt-row-column-wrap{align-content:start;}:where(.kb-row-layout-id1521_430ed3-e7 > .kt-row-column-wrap) > .wp-block-kadence-column{justify-content:start;}.kb-row-layout-id1521_430ed3-e7 > .kt-row-column-wrap{column-gap:var(--global-kb-gap-md, 2rem);row-gap:var(--global-kb-gap-md, 2rem);padding-top:5%;padding-right:5%;padding-bottom:10%;padding-left:5%;grid-template-columns:minmax(0, 1fr);}.kb-row-layout-id1521_430ed3-e7 > .kt-row-layout-overlay{opacity:0.30;}@media all and (max-width: 1024px){.kb-row-layout-id1521_430ed3-e7 > .kt-row-column-wrap{grid-template-columns:minmax(0, 1fr);}}@media all and (max-width: 767px){.kb-row-layout-id1521_430ed3-e7 > .kt-row-column-wrap{grid-template-columns:minmax(0, 1fr);}}<\/style><div class=\"kb-row-layout-wrap kb-row-layout-id1521_430ed3-e7 alignnone wp-block-kadence-rowlayout\"><div class=\"kt-row-column-wrap kt-has-1-columns kt-row-layout-equal kt-tab-layout-inherit kt-mobile-layout-row kt-row-valign-top\">\n<style>.kadence-column1521_95c985-57 > .kt-inside-inner-col,.kadence-column1521_95c985-57 > .kt-inside-inner-col:before{border-top-left-radius:0px;border-top-right-radius:0px;border-bottom-right-radius:0px;border-bottom-left-radius:0px;}.kadence-column1521_95c985-57 > .kt-inside-inner-col{column-gap:var(--global-kb-gap-sm, 1rem);}.kadence-column1521_95c985-57 > .kt-inside-inner-col{flex-direction:column;}.kadence-column1521_95c985-57 > .kt-inside-inner-col > .aligncenter{width:100%;}.kadence-column1521_95c985-57 > .kt-inside-inner-col:before{opacity:0.3;}.kadence-column1521_95c985-57{position:relative;}@media all and (max-width: 1024px){.kadence-column1521_95c985-57 > .kt-inside-inner-col{flex-direction:column;justify-content:center;}}@media all and (max-width: 767px){.kadence-column1521_95c985-57 > .kt-inside-inner-col{flex-direction:column;justify-content:center;}}<\/style>\n<div class=\"wp-block-kadence-column kadence-column1521_95c985-57\"><div class=\"kt-inside-inner-col\"><style>.wp-block-kadence-advancedheading.kt-adv-heading1521_93f6b7-60, .wp-block-kadence-advancedheading.kt-adv-heading1521_93f6b7-60[data-kb-block=\"kb-adv-heading1521_93f6b7-60\"]{font-style:normal;}.wp-block-kadence-advancedheading.kt-adv-heading1521_93f6b7-60 mark.kt-highlight, .wp-block-kadence-advancedheading.kt-adv-heading1521_93f6b7-60[data-kb-block=\"kb-adv-heading1521_93f6b7-60\"] mark.kt-highlight{font-style:normal;color:#f76a0c;-webkit-box-decoration-break:clone;box-decoration-break:clone;padding-top:0px;padding-right:0px;padding-bottom:0px;padding-left:0px;}.wp-block-kadence-advancedheading.kt-adv-heading1521_93f6b7-60 img.kb-inline-image, .wp-block-kadence-advancedheading.kt-adv-heading1521_93f6b7-60[data-kb-block=\"kb-adv-heading1521_93f6b7-60\"] img.kb-inline-image{width:150px;vertical-align:baseline;}@media all and (max-width: 767px){.wp-block-kadence-advancedheading.kt-adv-heading1521_93f6b7-60, .wp-block-kadence-advancedheading.kt-adv-heading1521_93f6b7-60[data-kb-block=\"kb-adv-heading1521_93f6b7-60\"]{font-size:var(--global-kb-font-size-lg, 2rem);}}<\/style>\n<h1 class=\"kt-adv-heading1521_93f6b7-60 wp-block-kadence-advancedheading\" data-kb-block=\"kb-adv-heading1521_93f6b7-60\"><strong>Ev\u00e4steiden k\u00e4ytt\u00f6<\/strong><br><\/h1>\n\n\n<style>.wp-block-kadence-advancedheading.kt-adv-heading1521_a353d3-ea, .wp-block-kadence-advancedheading.kt-adv-heading1521_a353d3-ea[data-kb-block=\"kb-adv-heading1521_a353d3-ea\"]{font-style:normal;}.wp-block-kadence-advancedheading.kt-adv-heading1521_a353d3-ea mark.kt-highlight, .wp-block-kadence-advancedheading.kt-adv-heading1521_a353d3-ea[data-kb-block=\"kb-adv-heading1521_a353d3-ea\"] mark.kt-highlight{font-style:normal;color:#f76a0c;-webkit-box-decoration-break:clone;box-decoration-break:clone;padding-top:0px;padding-right:0px;padding-bottom:0px;padding-left:0px;}.wp-block-kadence-advancedheading.kt-adv-heading1521_a353d3-ea img.kb-inline-image, .wp-block-kadence-advancedheading.kt-adv-heading1521_a353d3-ea[data-kb-block=\"kb-adv-heading1521_a353d3-ea\"] img.kb-inline-image{width:150px;vertical-align:baseline;}<\/style>\n<h3 class=\"kt-adv-heading1521_a353d3-ea wp-block-kadence-advancedheading\" data-kb-block=\"kb-adv-heading1521_a353d3-ea\"><strong>Tietosuojalausunto<\/strong><\/h3>\n\n\n\n<p>Verkkosivustomme ei ker\u00e4\u00e4 mit\u00e4\u00e4n henkil\u00f6tietoja lukuun ottamatta tapauksia, joissa sille annetaan niit\u00e4 nimenomaisesti ja tietoisesti.<\/p>\n\n\n\n<p>Kun vierailet Dent\u00c5 verkkosivustolla, verkkopalvelin ker\u00e4\u00e4 joitakin perustietoja kuten internetpalveluntarjoajan verkkotunnuksen, verkkosivustossa avatut sivut ja vierailun ajankohdan.<\/p>\n\n\n\n<p>Ker\u00e4\u00e4mme n\u00e4it\u00e4 tietoja vain verkkosivuston k\u00e4yt\u00f6n analysoimiseksi ja kehitt\u00e4misen ohjaamiseksi. Emme ker\u00e4\u00e4 tunnistettavia henkil\u00f6tietoja.<\/p>\n\n\n<style>.wp-block-kadence-advancedheading.kt-adv-heading1521_dd1160-d0, .wp-block-kadence-advancedheading.kt-adv-heading1521_dd1160-d0[data-kb-block=\"kb-adv-heading1521_dd1160-d0\"]{font-style:normal;}.wp-block-kadence-advancedheading.kt-adv-heading1521_dd1160-d0 mark.kt-highlight, .wp-block-kadence-advancedheading.kt-adv-heading1521_dd1160-d0[data-kb-block=\"kb-adv-heading1521_dd1160-d0\"] mark.kt-highlight{font-style:normal;color:#f76a0c;-webkit-box-decoration-break:clone;box-decoration-break:clone;padding-top:0px;padding-right:0px;padding-bottom:0px;padding-left:0px;}.wp-block-kadence-advancedheading.kt-adv-heading1521_dd1160-d0 img.kb-inline-image, .wp-block-kadence-advancedheading.kt-adv-heading1521_dd1160-d0[data-kb-block=\"kb-adv-heading1521_dd1160-d0\"] img.kb-inline-image{width:150px;vertical-align:baseline;}<\/style>\n<h3 class=\"kt-adv-heading1521_dd1160-d0 wp-block-kadence-advancedheading\" data-kb-block=\"kb-adv-heading1521_dd1160-d0\">Ev\u00e4steet<\/h3>\n\n\n\n<p><br>Verkkosivustolla k\u00e4ytet\u00e4\u00e4n ev\u00e4steit\u00e4 parantamaan k\u00e4ytt\u00e4j\u00e4kokemusta ja analysoimaan sivuston k\u00e4ytt\u00f6\u00e4. Ne sis\u00e4lt\u00e4v\u00e4t pienen m\u00e4\u00e4r\u00e4n tietoa, jonka avulla voimme yll\u00e4pit\u00e4\u00e4 yhteytt\u00e4si verkkosivustoon. Ev\u00e4steiden avulla t\u00e4m\u00e4 verkkosivusto voi tunnistaa k\u00e4ytt\u00e4m\u00e4si laitetyypin, jotta se voi esitt\u00e4\u00e4 sis\u00e4lt\u00f6\u00e4 parhaalla tavalla, vaihtaa kielt\u00e4 ja\/tai k\u00e4ytt\u00e4\u00e4 tietoa muihin tarkoituksiin.<br><br>Mik\u00e4li Dent\u00c5n sivuilla vieraileva asiakas ei toivo meid\u00e4n ker\u00e4\u00e4v\u00e4n mainittuja tietoja ev\u00e4steiden kautta, useimmat selaimet antavat mahdollisuuden kytke\u00e4 ev\u00e4steet pois p\u00e4\u00e4lt\u00e4. T\u00e4m\u00e4 on yleens\u00e4 mahdollista tehd\u00e4 selaimen asetusten kautta. On kuitenkin t\u00e4rke\u00e4\u00e4 ymm\u00e4rt\u00e4\u00e4, ett\u00e4 ev\u00e4steet saattavat olla v\u00e4ltt\u00e4m\u00e4tt\u00f6mi\u00e4 joidenkin Dent\u00c5n sivustojen ja tarjoamiemme palveluiden moitteettomalle toiminnalle.<br><br>Lis\u00e4tietoja ev\u00e4steiden hallinnasta selaimessasi l\u00f6ytyy esimerkiksi seuraavasta linkist\u00e4: https:\/\/aboutcookies.org\/<br><\/p>\n\n\n<style>.wp-block-kadence-advancedheading.kt-adv-heading1521_99b406-ac, .wp-block-kadence-advancedheading.kt-adv-heading1521_99b406-ac[data-kb-block=\"kb-adv-heading1521_99b406-ac\"]{font-style:normal;}.wp-block-kadence-advancedheading.kt-adv-heading1521_99b406-ac mark.kt-highlight, .wp-block-kadence-advancedheading.kt-adv-heading1521_99b406-ac[data-kb-block=\"kb-adv-heading1521_99b406-ac\"] mark.kt-highlight{font-style:normal;color:#f76a0c;-webkit-box-decoration-break:clone;box-decoration-break:clone;padding-top:0px;padding-right:0px;padding-bottom:0px;padding-left:0px;}.wp-block-kadence-advancedheading.kt-adv-heading1521_99b406-ac img.kb-inline-image, .wp-block-kadence-advancedheading.kt-adv-heading1521_99b406-ac[data-kb-block=\"kb-adv-heading1521_99b406-ac\"] img.kb-inline-image{width:150px;vertical-align:baseline;}<\/style>\n<h3 class=\"kt-adv-heading1521_99b406-ac wp-block-kadence-advancedheading\" data-kb-block=\"kb-adv-heading1521_99b406-ac\">Google Analytics<\/h3>\n\n\n\n<p>T\u00e4m\u00e4 verkkosivusto k\u00e4ytt\u00e4\u00e4 Google, Inc.:n (&#8221;Google&#8221;) verkkoanalyysipalvelua Google Analyticsia. Google Analytics k\u00e4ytt\u00e4\u00e4 ev\u00e4steit\u00e4 (tietokoneellesi tallennettavia tekstitiedostoja), joilla se auttaa verkkosivusto-operaattoreita analysoimaan tapoja, joilla k\u00e4ytt\u00e4j\u00e4t k\u00e4ytt\u00e4v\u00e4t sivustoa. Google l\u00e4hett\u00e4\u00e4 ev\u00e4steen luomat tiedot siit\u00e4, miten k\u00e4yt\u00e4t verkkosivustoa (my\u00f6s IP-osoitteen), Yhdysvaltoihin ja tallentaa tiedot siell\u00e4 palvelimille. Tietojen avulla Google arvioi, miten k\u00e4yt\u00e4t verkkosivustoa, laatii raportteja verkkosivuston toiminnasta verkkosivusto-operaattoreille ja tarjoaa muita verkkosivuston toimintaan ja internetin k\u00e4ytt\u00f6\u00f6n liittyvi\u00e4 palveluita. Google voi l\u00e4hett\u00e4\u00e4 n\u00e4m\u00e4 tiedot kolmansille, jos laki sit\u00e4 vaatii tai jos kolmannet k\u00e4sittelev\u00e4t tietoja Googlen puolesta. Google ei yhdist\u00e4 IP-osoitettasi muihin s\u00e4ilytt\u00e4miins\u00e4 tietoihin. K\u00e4ytt\u00e4m\u00e4ll\u00e4 t\u00e4t\u00e4 verkkosivustoa suostut siihen, ett\u00e4 Google k\u00e4sittelee sinua koskevia tietoja yll\u00e4 kuvatulla tavalla ja mainittuihin tarkoituksiin.<\/p>\n\n\n<style>.wp-block-kadence-advancedheading.kt-adv-heading1521_e3330b-00, .wp-block-kadence-advancedheading.kt-adv-heading1521_e3330b-00[data-kb-block=\"kb-adv-heading1521_e3330b-00\"]{font-style:normal;}.wp-block-kadence-advancedheading.kt-adv-heading1521_e3330b-00 mark.kt-highlight, .wp-block-kadence-advancedheading.kt-adv-heading1521_e3330b-00[data-kb-block=\"kb-adv-heading1521_e3330b-00\"] mark.kt-highlight{font-style:normal;color:#f76a0c;-webkit-box-decoration-break:clone;box-decoration-break:clone;padding-top:0px;padding-right:0px;padding-bottom:0px;padding-left:0px;}.wp-block-kadence-advancedheading.kt-adv-heading1521_e3330b-00 img.kb-inline-image, .wp-block-kadence-advancedheading.kt-adv-heading1521_e3330b-00[data-kb-block=\"kb-adv-heading1521_e3330b-00\"] img.kb-inline-image{width:150px;vertical-align:baseline;}<\/style>\n<h3 class=\"kt-adv-heading1521_e3330b-00 wp-block-kadence-advancedheading\" data-kb-block=\"kb-adv-heading1521_e3330b-00\">Ev\u00e4steiden kielt\u00e4minen<\/h3>\n\n\n\n<p>Voit kielt\u00e4\u00e4 ev\u00e4steiden k\u00e4yt\u00f6n valitsemalla haluamasi asetuksen selaimestasi tai kielt\u00e4m\u00e4ll\u00e4 ev\u00e4steiden k\u00e4yt\u00f6n tullessasi verkkosivulle. Ev\u00e4steiden kielt\u00e4minen voi kuitenkin johtaa hy\u00f6dyllisten toimintojen katoamiseen. T\u00e4llaisia ovat esimerkiksi personointi, kirjautuneena pysyminen ja k\u00e4ytt\u00e4j\u00e4n muistaminen.<\/p>\n\n\n\n<p><a href=\"http:\/\/files.investis.com\/info\/disabling-cookies.html\" target=\"_blank\" rel=\"noopener\">Ev\u00e4steiden poistaminen <\/a><a href=\"http:\/\/files.investis.com\/info\/disabling-cookies.html\" target=\"_blank\" rel=\"noopener\" title=\"\">k\u00e4yt\u00f6st\u00e4<\/a><a href=\"http:\/\/files.investis.com\/info\/disabling-cookies.html\" target=\"_blank\" rel=\"noopener\"> selaimessa<\/a><\/p>\n\n\n<style>.wp-block-kadence-advancedheading.kt-adv-heading1521_26e745-aa, .wp-block-kadence-advancedheading.kt-adv-heading1521_26e745-aa[data-kb-block=\"kb-adv-heading1521_26e745-aa\"]{font-style:normal;}.wp-block-kadence-advancedheading.kt-adv-heading1521_26e745-aa mark.kt-highlight, .wp-block-kadence-advancedheading.kt-adv-heading1521_26e745-aa[data-kb-block=\"kb-adv-heading1521_26e745-aa\"] mark.kt-highlight{font-style:normal;color:#f76a0c;-webkit-box-decoration-break:clone;box-decoration-break:clone;padding-top:0px;padding-right:0px;padding-bottom:0px;padding-left:0px;}.wp-block-kadence-advancedheading.kt-adv-heading1521_26e745-aa img.kb-inline-image, .wp-block-kadence-advancedheading.kt-adv-heading1521_26e745-aa[data-kb-block=\"kb-adv-heading1521_26e745-aa\"] img.kb-inline-image{width:150px;vertical-align:baseline;}<\/style>\n<p class=\"kt-adv-heading1521_26e745-aa wp-block-kadence-advancedheading\" data-kb-block=\"kb-adv-heading1521_26e745-aa\">Sivuston toteuttaja: <a href=\"https:\/\/piinkova.fi\" target=\"_blank\" rel=\"noopener\" title=\"\">Piinkova verkkosivut<\/a><\/p>\n<\/div><\/div>\n\n<\/div><\/div>","protected":false},"excerpt":{"rendered":"<p>Ev\u00e4steiden k\u00e4ytt\u00f6 Tietosuojalausunto Verkkosivustomme ei ker\u00e4\u00e4 mit\u00e4\u00e4n henkil\u00f6tietoja lukuun ottamatta tapauksia, joissa sille annetaan niit\u00e4 nimenomaisesti ja tietoisesti. Kun vierailet Dent\u00c5 verkkosivustolla, verkkopalvelin ker\u00e4\u00e4 joitakin perustietoja kuten internetpalveluntarjoajan verkkotunnuksen, verkkosivustossa avatut sivut ja vierailun ajankohdan. Ker\u00e4\u00e4mme n\u00e4it\u00e4 tietoja vain verkkosivuston k\u00e4yt\u00f6n analysoimiseksi ja kehitt\u00e4misen ohjaamiseksi. Emme ker\u00e4\u00e4 tunnistettavia henkil\u00f6tietoja. Ev\u00e4steet Verkkosivustolla k\u00e4ytet\u00e4\u00e4n ev\u00e4steit\u00e4 parantamaan k\u00e4ytt\u00e4j\u00e4kokemusta&#8230;<\/p>","protected":false},"author":2,"featured_media":0,"parent":0,"menu_order":0,"comment_status":"closed","ping_status":"closed","template":"","meta":{"_kad_blocks_custom_css":"","_kad_blocks_head_custom_js":"","_kad_blocks_body_custom_js":"","_kad_blocks_footer_custom_js":"","_kad_post_transparent":"","_kad_post_title":"","_kad_post_layout":"","_kad_post_sidebar_id":"","_kad_post_content_style":"","_kad_post_vertical_padding":"","_kad_post_feature":"","_kad_post_feature_position":"","_kad_post_header":false,"_kad_post_footer":false,"_kad_post_classname":"","footnotes":""},"class_list":["post-1521","page","type-page","status-publish","hentry"],"taxonomy_info":[],"featured_image_src_large":false,"author_info":{"display_name":"Peter Puhakka","author_link":"https:\/\/denta.fi\/sv\/author\/peter_piinkova\/"},"comment_info":0,"_links":{"self":[{"href":"https:\/\/denta.fi\/sv\/wp-json\/wp\/v2\/pages\/1521","targetHints":{"allow":["GET"]}}],"collection":[{"href":"https:\/\/denta.fi\/sv\/wp-json\/wp\/v2\/pages"}],"about":[{"href":"https:\/\/denta.fi\/sv\/wp-json\/wp\/v2\/types\/page"}],"author":[{"embeddable":true,"href":"https:\/\/denta.fi\/sv\/wp-json\/wp\/v2\/users\/2"}],"replies":[{"embeddable":true,"href":"https:\/\/denta.fi\/sv\/wp-json\/wp\/v2\/comments?post=1521"}],"version-history":[{"count":9,"href":"https:\/\/denta.fi\/sv\/wp-json\/wp\/v2\/pages\/1521\/revisions"}],"predecessor-version":[{"id":3888,"href":"https:\/\/denta.fi\/sv\/wp-json\/wp\/v2\/pages\/1521\/revisions\/3888"}],"wp:attachment":[{"href":"https:\/\/denta.fi\/sv\/wp-json\/wp\/v2\/media?parent=1521"}],"curies":[{"name":"wp","href":"https:\/\/api.w.org\/{rel}","templated":true}]}}