{"id":2783,"date":"2024-11-19T13:29:20","date_gmt":"2024-11-19T11:29:20","guid":{"rendered":"https:\/\/denta.fi\/?page_id=2783"},"modified":"2024-12-19T14:00:24","modified_gmt":"2024-12-19T12:00:24","slug":"resurs-bank-info","status":"publish","type":"page","link":"https:\/\/denta.fi\/en\/resurs-bank-info\/","title":{"rendered":"Resurs Bank info"},"content":{"rendered":"<style>.kb-row-layout-id2783_d60025-28 > .kt-row-column-wrap{align-content:start;}:where(.kb-row-layout-id2783_d60025-28 > .kt-row-column-wrap) > .wp-block-kadence-column{justify-content:start;}.kb-row-layout-id2783_d60025-28 > .kt-row-column-wrap{column-gap:var(--global-kb-gap-md, 2rem);row-gap:var(--global-kb-gap-md, 2rem);max-width:var( --global-content-width, 1290px );padding-left:var(--global-content-edge-padding);padding-right:var(--global-content-edge-padding);padding-top:100px;padding-bottom:100px;grid-template-columns:minmax(0, 1fr);}.kb-row-layout-id2783_d60025-28 > .kt-row-layout-overlay{opacity:0.30;}@media all and (max-width: 1024px){.kb-row-layout-id2783_d60025-28 > .kt-row-column-wrap{grid-template-columns:minmax(0, 1fr);}}@media all and (max-width: 767px){.kb-row-layout-id2783_d60025-28 > .kt-row-column-wrap{grid-template-columns:minmax(0, 1fr);}}<\/style><div class=\"kb-row-layout-wrap kb-row-layout-id2783_d60025-28 alignnone wp-block-kadence-rowlayout\"><div class=\"kt-row-column-wrap kt-has-1-columns kt-row-layout-equal kt-tab-layout-inherit kt-mobile-layout-row kt-row-valign-top kb-theme-content-width\">\n<style>.kadence-column2783_c2ccc1-04 > .kt-inside-inner-col,.kadence-column2783_c2ccc1-04 > .kt-inside-inner-col:before{border-top-left-radius:0px;border-top-right-radius:0px;border-bottom-right-radius:0px;border-bottom-left-radius:0px;}.kadence-column2783_c2ccc1-04 > .kt-inside-inner-col{column-gap:var(--global-kb-gap-sm, 1rem);}.kadence-column2783_c2ccc1-04 > .kt-inside-inner-col{flex-direction:column;}.kadence-column2783_c2ccc1-04 > .kt-inside-inner-col > .aligncenter{width:100%;}.kadence-column2783_c2ccc1-04 > .kt-inside-inner-col:before{opacity:0.3;}.kadence-column2783_c2ccc1-04{position:relative;}@media all and (max-width: 1024px){.kadence-column2783_c2ccc1-04 > .kt-inside-inner-col{flex-direction:column;justify-content:center;}}@media all and (max-width: 767px){.kadence-column2783_c2ccc1-04 > .kt-inside-inner-col{flex-direction:column;justify-content:center;}}<\/style>\n<div class=\"wp-block-kadence-column kadence-column2783_c2ccc1-04\"><div class=\"kt-inside-inner-col\"><style>.wp-block-kadence-advancedheading.kt-adv-heading2783_41e58a-00, .wp-block-kadence-advancedheading.kt-adv-heading2783_41e58a-00[data-kb-block=\"kb-adv-heading2783_41e58a-00\"]{padding-bottom:50px;font-style:normal;}.wp-block-kadence-advancedheading.kt-adv-heading2783_41e58a-00 mark.kt-highlight, .wp-block-kadence-advancedheading.kt-adv-heading2783_41e58a-00[data-kb-block=\"kb-adv-heading2783_41e58a-00\"] mark.kt-highlight{font-style:normal;color:#f76a0c;-webkit-box-decoration-break:clone;box-decoration-break:clone;padding-top:0px;padding-right:0px;padding-bottom:0px;padding-left:0px;}.wp-block-kadence-advancedheading.kt-adv-heading2783_41e58a-00 img.kb-inline-image, .wp-block-kadence-advancedheading.kt-adv-heading2783_41e58a-00[data-kb-block=\"kb-adv-heading2783_41e58a-00\"] img.kb-inline-image{width:150px;vertical-align:baseline;}<\/style>\n<h1 class=\"kt-adv-heading2783_41e58a-00 wp-block-kadence-advancedheading\" data-kb-block=\"kb-adv-heading2783_41e58a-00\">Resurs Bank info<\/h1>\n\n\n\n<p><strong>Maksa my\u00f6hemmin \u2013 omaan tahtiisi &nbsp;<\/strong><\/p>\n\n\n\n<p>Valitset milloin ja miten haluat maksaa. Saat jopa 12 kuukautta korotonta maksuaikaa.<\/p>\n\n\n\n<ul class=\"wp-block-list\">\n<li>30\u201360 p\u00e4iv\u00e4\u00e4 ensimm\u00e4iseen er\u00e4p\u00e4iv\u00e4\u00e4n<\/li>\n\n\n\n<li>Ei avausmaksua, ei korttia eik\u00e4 piilokuluja<\/li>\n\n\n\n<li>Voit jakaa maksun osiin ja valita sinulle sopivimman maksuvaihtoehdon<\/li>\n\n\n\n<li>Tili on jatkuva luotto, jota voit k\u00e4ytt\u00e4\u00e4 helposti my\u00f6s tuleviin ostoksiisi<\/li>\n<\/ul>\n\n\n\n<p>Voit tehd\u00e4 hakemuksen joko alla olevasta linkist\u00e4 tai toimipaikassa paikan p\u00e4\u00e4ll\u00e4. Saat laskun vasta ostoa seuraavana kuukautena ja voit silloin valita maksatko koko summan kerralla vai joustavasti eriss\u00e4.&nbsp;<\/p>\n\n\n\n<p><a href=\"https:\/\/apponline.resurs.com\/form\/fi51300\" target=\"_blank\" rel=\"noopener\"><strong>HAE LUOTTOA T\u00c4ST\u00c4<\/strong><\/a><\/p>\n\n\n\n<p>N\u00e4et luottop\u00e4\u00e4t\u00f6ksen heti ja saat luoton k\u00e4ytt\u00f6\u00f6si, kun olet allekirjoittanut luottosopimuksen s\u00e4hk\u00f6isesti. T\u00e4m\u00e4n j\u00e4lkeen voit k\u00e4ytt\u00e4\u00e4 tili\u00e4 maksutapana toimipisteess\u00e4 n\u00e4ytt\u00e4m\u00e4ll\u00e4 voimassa olevan henkil\u00f6todistuksen kassalla.<\/p>\n\n\n\n<p><strong>Ent\u00e4p\u00e4 kustannukset?<\/strong><\/p>\n\n\n\n<figure class=\"wp-block-table\"><table class=\"has-fixed-layout\"><tbody><tr><td><strong>MAKSUVAIHTOEHTO<\/strong><\/td><td><strong>VUOSIKORKO<\/strong><\/td><td><strong>LUOTTOKULU\/KK<\/strong><\/td><\/tr><tr><td>30\u201360 pv<\/td><td>0 %<\/td><td>0 \u20ac<\/td><\/tr><tr><td>12 kk<\/td><td>0 %<\/td><td rowspan=\"3\"><br>0,28 %\/kk luottorajasta,&nbsp; kuitenkin enint\u00e4\u00e4n 12,50 \u20ac\/kk.<\/td><\/tr><tr><td>36 kk<\/td><td>12,90 %<\/td><\/tr><tr><td>60 kk<\/td><td>15,00% + KSL&nbsp;viitekorko*<\/td><\/tr><\/tbody><\/table><\/figure>\n\n\n\n<p>* KSL viitekorolla tarkoitetaan kuluttajansuojalaissa viitattua korkolain 12 \u00a7:n mukaista viitekorkoa, jonka Suomen Pankki julkistaa kahdesti vuodessa ja joka on voimassa 6 kuukautta kerrallaan. Sovellettava viitekorko voi olla enint\u00e4\u00e4n 5 % eli luoton vuosikorko voi olla enint\u00e4\u00e4n 20 %, kuten kuluttajansuojalaissa s\u00e4\u00e4det\u00e4\u00e4n.<\/p>\n\n\n\n<p><strong>Esimerkkiostos:<\/strong> 1500 \u20ac, 12 kk maksuvaihtoehdolla. Vuosikorko: 0 %. Luottokulu\/kk: 5,60 \u20ac. Todellinen vuosikorko: 4,01 %. Luoton kustannukset: 61,60 \u20ac. Maksettava yhteens\u00e4: 1562 \u20ac. Osamaksuer\u00e4\/kk: 130,60 \u20ac, 12 er\u00e4\u00e4. Luottokulu on 0,28 %\/kk sovitusta luottorajasta, kuitenkin enint\u00e4\u00e4n 12,50 \u20ac\/kk. Luottokulu veloitetaan kuukausilaskuilla. Hammashoitotili on jatkuva luotto, jonka minimiluottoraja on 2000 \u20ac. Luoton muusta k\u00e4yt\u00f6st\u00e4 voi seurata korkeampi tai alempi todellinen vuosikorko. Luotto ei ole k\u00e4yt\u00f6ss\u00e4 Ahvenanmaalla. Luotonantaja: Resurs Bank AB Suomen sivuliike.<\/p>\n\n\n\n<p>Lue lis\u00e4\u00e4 rahoituskumppanistamme Resursista <a href=\"https:\/\/www.resursbank.fi\/resurs-partner\" target=\"_blank\" rel=\"noopener\">t\u00e4\u00e4lt\u00e4.<\/a><\/p>\n\n\n\n<p><strong>Onko sinulla jo tili?<\/strong><\/p>\n\n\n\n<p>Tarvittaessa voit my\u00f6s itse korottaa jo aiemmin avattua tili\u00e4si oheisen hakemuslinkin kautta: <a href=\"https:\/\/apponline.resurs.com\/form\/fi51300\/limitraise\" target=\"_blank\" rel=\"noopener\">linkki korotushakemukseen<\/a><\/p>\n\n\n\n<p>Muistathan hy\u00f6dynt\u00e4\u00e4 my\u00f6s Resurs online bankiasi, josta n\u00e4et mm. tilisi saldon: <a href=\"https:\/\/www.resursbank.fi\/kirjaudu-sisaan\" target=\"_blank\" rel=\"noopener\">Kirjaudu online bankiin t\u00e4st\u00e4.<\/a><\/p>\n\n\n\n<p><strong>J\u00e4ik\u00f6 jokin mietitytt\u00e4m\u00e4\u00e4n?<\/strong><\/p>\n\n\n\n<p>Ota yhteytt\u00e4 Resursin asiakaspalveluun arkisin, puh. 09 622 4308.<\/p>\n\n\n<style>.wp-block-kadence-advancedbtn.kb-btns2783_f31453-6f{gap:var(--global-kb-gap-xs, 0.5rem );justify-content:flex-start;align-items:center;}.kt-btns2783_f31453-6f .kt-button{font-weight:normal;font-style:normal;}.kt-btns2783_f31453-6f .kt-btn-wrap-0{margin-right:5px;}.wp-block-kadence-advancedbtn.kt-btns2783_f31453-6f .kt-btn-wrap-0 .kt-button{color:#555555;border-color:#555555;}.wp-block-kadence-advancedbtn.kt-btns2783_f31453-6f .kt-btn-wrap-0 .kt-button:hover, .wp-block-kadence-advancedbtn.kt-btns2783_f31453-6f .kt-btn-wrap-0 .kt-button:focus{color:#ffffff;border-color:#444444;}.wp-block-kadence-advancedbtn.kt-btns2783_f31453-6f .kt-btn-wrap-0 .kt-button::before{display:none;}.wp-block-kadence-advancedbtn.kt-btns2783_f31453-6f .kt-btn-wrap-0 .kt-button:hover, .wp-block-kadence-advancedbtn.kt-btns2783_f31453-6f .kt-btn-wrap-0 .kt-button:focus{background:#444444;}<\/style>\n<div class=\"wp-block-kadence-advancedbtn kb-buttons-wrap kb-btns2783_f31453-6f\"><style>ul.menu .wp-block-kadence-advancedbtn .kb-btn2783_5799c8-db.kb-button{width:initial;}.wp-block-kadence-advancedbtn .kb-btn2783_5799c8-db.kb-button{color:#e6e4d8;font-size:16px;font-family:'Neue Plak Wide semibold';border-top-left-radius:0px;border-top-right-radius:0px;border-bottom-right-radius:0px;border-bottom-left-radius:0px;border-top:2px solid #ccbfb6;border-right:2px solid #ccbfb6;border-bottom:2px solid #ccbfb6;border-left:2px solid #ccbfb6;padding-top:25px;padding-right:70px;padding-bottom:25px;padding-left:70px;}.wp-block-kadence-advancedbtn .kb-btn2783_5799c8-db.kb-button:hover, .wp-block-kadence-advancedbtn .kb-btn2783_5799c8-db.kb-button:focus{color:var(--global-palette9, #ffffff);background:#343229;}@media all and (max-width: 1024px){.wp-block-kadence-advancedbtn .kb-btn2783_5799c8-db.kb-button{border-top:2px solid #ccbfb6;border-right:2px solid #ccbfb6;border-bottom:2px solid #ccbfb6;border-left:2px solid #ccbfb6;}}@media all and (max-width: 767px){.wp-block-kadence-advancedbtn .kb-btn2783_5799c8-db.kb-button{border-top:2px solid #ccbfb6;border-right:2px solid #ccbfb6;border-bottom:2px solid #ccbfb6;border-left:2px solid #ccbfb6;}}<\/style><a class=\"kb-button kt-button button kb-btn2783_5799c8-db kt-btn-size-xlarge kt-btn-width-type-auto kb-btn-global-fill  kt-btn-has-text-true kt-btn-has-svg-false  wp-block-kadence-singlebtn\" href=\"https:\/\/denta.fi\/wp-content\/uploads\/2024\/11\/Hammashoitotili_tulostettava_A4_2024.pdf\"><span class=\"kt-btn-inner-text\">Esimerkkilaskelma<\/span><\/a><\/div>\n<\/div><\/div>\n\n<\/div><\/div>","protected":false},"excerpt":{"rendered":"<p>Resurs Bank info Maksa my\u00f6hemmin \u2013 omaan tahtiisi &nbsp; Valitset milloin ja miten haluat maksaa. Saat jopa 12 kuukautta korotonta maksuaikaa. Voit tehd\u00e4 hakemuksen joko alla olevasta linkist\u00e4 tai toimipaikassa paikan p\u00e4\u00e4ll\u00e4. Saat laskun vasta ostoa seuraavana kuukautena ja voit silloin valita maksatko koko summan kerralla vai joustavasti eriss\u00e4.&nbsp; HAE LUOTTOA T\u00c4ST\u00c4 N\u00e4et luottop\u00e4\u00e4t\u00f6ksen heti&#8230;<\/p>","protected":false},"author":2,"featured_media":0,"parent":0,"menu_order":0,"comment_status":"closed","ping_status":"closed","template":"","meta":{"_kad_blocks_custom_css":"","_kad_blocks_head_custom_js":"","_kad_blocks_body_custom_js":"","_kad_blocks_footer_custom_js":"","_kad_post_transparent":"","_kad_post_title":"","_kad_post_layout":"","_kad_post_sidebar_id":"","_kad_post_content_style":"","_kad_post_vertical_padding":"","_kad_post_feature":"","_kad_post_feature_position":"","_kad_post_header":false,"_kad_post_footer":false,"_kad_post_classname":"","footnotes":""},"class_list":["post-2783","page","type-page","status-publish","hentry"],"taxonomy_info":[],"featured_image_src_large":false,"author_info":{"display_name":"Peter Puhakka","author_link":"https:\/\/denta.fi\/en\/author\/peter_piinkova\/"},"comment_info":0,"_links":{"self":[{"href":"https:\/\/denta.fi\/en\/wp-json\/wp\/v2\/pages\/2783","targetHints":{"allow":["GET"]}}],"collection":[{"href":"https:\/\/denta.fi\/en\/wp-json\/wp\/v2\/pages"}],"about":[{"href":"https:\/\/denta.fi\/en\/wp-json\/wp\/v2\/types\/page"}],"author":[{"embeddable":true,"href":"https:\/\/denta.fi\/en\/wp-json\/wp\/v2\/users\/2"}],"replies":[{"embeddable":true,"href":"https:\/\/denta.fi\/en\/wp-json\/wp\/v2\/comments?post=2783"}],"version-history":[{"count":5,"href":"https:\/\/denta.fi\/en\/wp-json\/wp\/v2\/pages\/2783\/revisions"}],"predecessor-version":[{"id":2789,"href":"https:\/\/denta.fi\/en\/wp-json\/wp\/v2\/pages\/2783\/revisions\/2789"}],"wp:attachment":[{"href":"https:\/\/denta.fi\/en\/wp-json\/wp\/v2\/media?parent=2783"}],"curies":[{"name":"wp","href":"https:\/\/api.w.org\/{rel}","templated":true}]}}